{"id":235,"date":"2022-05-26T14:45:27","date_gmt":"2022-05-26T14:45:27","guid":{"rendered":"https:\/\/www.radiologiasantaelena.com\/radiologia\/?page_id=235"},"modified":"2022-05-26T14:45:28","modified_gmt":"2022-05-26T14:45:28","slug":"avisodeprivacidad","status":"publish","type":"page","link":"https:\/\/www.radiologiasantaelena.com\/radiologia\/avisodeprivacidad\/","title":{"rendered":"Aviso de Privacidad"},"content":{"rendered":"\n<p><strong>AVISO DE PRIVACIDAD INTEGRAL<\/strong><\/p>\n\n\n\n<p><strong>Radiolog\u00eda<\/strong>, con domicilio en calle Gral. Vicente Guerrero 418, colonia San Joaqu\u00edn el Junco, Ixtlahuaca de Ray\u00f3n, c.p. 50740, Estado de M\u00e9xico, M\u00e9xico, y portal de internet <a href=\"http:\/\/www.RADIOLOGIASANTAELENA.com\">www.RADIOLOGIASANTAELENA.com<\/a>, es el responsable del uso y protecci\u00f3n de sus datos personales, y al respecto le informamos lo siguiente:<\/p>\n\n\n\n<p><strong>\u00bfPara qu\u00e9 fines utilizaremos sus datos personales?<\/strong><\/p>\n\n\n\n<p>De manera adicional, utilizaremos su informaci\u00f3n personal para las siguientes finalidades primarias necesarias para el servicio solicitado y otras secundarias que no son necesarias pero que nos permiten y facilitan brindarle una mejor atenci\u00f3n:<\/p>\n\n\n\n<p><strong>Primarias:<\/strong><\/p>\n\n\n\n<ul><li>Creaci\u00f3n, actualizaci\u00f3n, conservaci\u00f3n del expediente cl\u00ednico y resultados del paciente.<\/li><li>Tener la informaci\u00f3n necesaria para la realizaci\u00f3n de los estudios e interpretaciones m\u00e9dicas de calidad.<\/li><li>Entrega de estudios e interpretaciones mediante los datos de contacto que nos proporcionen.<\/li><\/ul>\n\n\n\n<p><strong>Secundarias:<\/strong><\/p>\n\n\n\n<ul><li>Mercadotecnia o publicitaria<\/li><li>Prospecci\u00f3n comercial<\/li><li>An\u00e1lisis, estad\u00edsticas y actualizaci\u00f3n.<\/li><li>Mediciones de la calidad de los resultados y de la atenci\u00f3n del personal.<\/li><\/ul>\n\n\n\n<p>En caso de que no desee que sus datos personales sean tratados para estos fines secundarios, desde este momento usted nos puede comunicar lo anterior a trav\u00e9s del siguiente mecanismo:<\/p>\n\n\n\n<p>Solicit\u00e1ndolo en un formato libre, en donde nos indique las limitaciones para el tratamiento de sus datos, as\u00ed como las causas origen de dichas limitaciones; en la solicitud le pedimos incluya toda aquella informaci\u00f3n para contactarle, nombre completo, n\u00famero celular y\/o correo electr\u00f3nico dirigiendo su solicitud al correo <a href=\"mailto:ESTUDIOSRX@OUTLOOK.COM\">ESTUDIOSRX@OUTLOOK.COM<\/a>; adem\u00e1s le confirmamos que mediante la previa solicitud, no es motivo para que le neguemos los servicios de prevenci\u00f3n y diagn\u00f3stico o productos que nos solicita, ante la negativa para el uso de su informaci\u00f3n para estas finalidades.<\/p>\n\n\n\n<p><strong>\u00bfQu\u00e9 datos personales utilizaremos para estos fines?<\/strong><\/p>\n\n\n\n<p>Para llevar a cabo las finalidades descritas en el presente aviso de privacidad, utilizaremos los siguientes datos personales:<\/p>\n\n\n\n<p>\u25cf Datos de identificaci\u00f3n<\/p>\n\n\n\n<p>\u25cf Datos de contacto<\/p>\n\n\n\n<p><strong>\u00bfCon qui\u00e9n compartimos su informaci\u00f3n personal y para qu\u00e9 fines?<\/strong><\/p>\n\n\n\n<p>Le informamos que sus datos personales son compartidos dentro del pa\u00eds con las siguientes personas, empresas, organizaciones o autoridades distintas a nosotros, para los siguientes fines:<\/p>\n\n\n\n<figure class=\"wp-block-table\"><table><tbody><tr><td><strong>Destinatario de los datos personales<\/strong> &nbsp;<\/td><td><strong>Finalidad<\/strong><\/td><td><strong>Requiere del consentimiento<\/strong><\/td><\/tr><tr><td>M\u00e9dico Tratante<\/td><td>Compartir los resultados del estudio para que pueda seguir con su valoraci\u00f3n y tratamiento del paciente.<\/td><td>No<\/td><\/tr><tr><td>Lugar que prest\u00f3 el servicio de salud<\/td><td>Actualizaci\u00f3n y conservaci\u00f3n del expediente cl\u00ednico, adem\u00e1s de que sea el caso que se tenga que intervenir el tratamiento con distintos especialistas o m\u00e9dicos del lugar<\/td><td>S\u00ed<\/td><\/tr><tr><td>Autoridades federales, estatales y judiciales<\/td><td>Actualizaci\u00f3n, conservaci\u00f3n del expediente cl\u00ednico y resultados<\/td><td>S\u00ed<\/td><\/tr><tr><td>Actualizaci\u00f3n, conservaci\u00f3n del expediente cl\u00ednico y resultados &nbsp;<\/td><td>Dar cumplimiento a nuestras obligaciones en acuerdos establecidos por el contrato, obligaciones tributarias y cumplimiento o requerimientos oficiales<\/td><td>No<\/td><\/tr><\/tbody><\/table><\/figure>\n\n\n\n<p>Con relaci\u00f3n a las transferencias que requieren su consentimiento, si usted despu\u00e9s de leer este aviso de privacidad no manifiesta su negativa para que las mismas se lleven a cabo, entenderemos que nos lo ha otorgado. Ponemos a su disposici\u00f3n el siguiente mecanismo para que, en su caso, nos pueda comunicar su negativa para que dichas transferencias se realicen:<\/p>\n\n\n\n<p>Solicit\u00e1ndolo en un formato libre, en donde nos indique las limitaciones para el tratamiento de sus datos, as\u00ed como las causas origen de dichas limitaciones; en la solicitud le pedimos incluya toda aquella informaci\u00f3n para contactarle, nombre completo, n\u00famero celular y\/o correo electr\u00f3nico dirigiendo su solicitud al correo <a href=\"mailto:ESTUDIOSRX@OUTLOOK.COM\">ESTUDIOSRX@OUTLOOK.COM<\/a>; adem\u00e1s le confirmamos que mediante la previa solicitud, no es motivo para que le neguemos los servicios de prevenci\u00f3n y diagn\u00f3stico o productos que nos solicita, ante la negativa para el uso de su informaci\u00f3n para estas finalidades.<\/p>\n\n\n\n<p><strong>\u00bfC\u00f3mo puede acceder, rectificar o cancelar sus datos personales, u oponerse a su uso?<\/strong><\/p>\n\n\n\n<p>Usted tiene derecho a conocer qu\u00e9 datos personales tenemos de usted, para qu\u00e9 los utilizamos y las condiciones del uso que les damos (<strong>Acceso<\/strong>). Asimismo, es su derecho solicitar la correcci\u00f3n de su informaci\u00f3n personal en caso de que est\u00e9 desactualizada, sea inexacta o incompleta (<strong>Rectificaci\u00f3n<\/strong>); que la eliminemos de nuestros registros o bases de datos cuando considere que la misma no est\u00e1 siendo utilizada adecuadamente (<strong>Cancelaci\u00f3n<\/strong>); as\u00ed como oponerse al uso de sus datos personales para fines espec\u00edficos (<strong>Oposici\u00f3n<\/strong>). Estos derechos se conocen como derechos <strong>ARCO<\/strong>.<\/p>\n\n\n\n<p>Para el ejercicio de cualquiera de los derechos <strong>ARCO<\/strong>, usted deber\u00e1 presentar la solicitud respectiva a trav\u00e9s del siguiente medio:<\/p>\n\n\n\n<p><a href=\"mailto:ESTUDIOSRX@outlook.com\">ESTUDIOSRX@outlook.com<\/a><\/p>\n\n\n\n<p>Con relaci\u00f3n al procedimiento y requisitos para el ejercicio de sus derechos ARCO, le informamos lo siguiente:<\/p>\n\n\n\n<p><strong>a) \u00bfA trav\u00e9s de qu\u00e9 medios pueden acreditar su identidad el titular y, en su caso, su representante, as\u00ed como la personalidad este \u00faltimo?<\/strong><\/p>\n\n\n\n<p><a href=\"mailto:ESTUDIOSRX@outlook.com\">ESTUDIOSRX@outlook.com<\/a><\/p>\n\n\n\n<p><strong>b) \u00bfQu\u00e9 informaci\u00f3n y\/o documentaci\u00f3n deber\u00e1 contener la solicitud?<\/strong><\/p>\n\n\n\n<ul><li><strong>Requisitos para la solicitud del ejercicio de los derechos ARCO<\/strong>: En cumplimiento con el art\u00edculo 29 fracci\u00f3n I, II y III de la ley: Acreditaci\u00f3n de la identidad del titular: El titular, deber\u00e1 presentar su nombre completo, fecha de nacimiento y copia de su documento de identificaci\u00f3n oficial, ya sea en f\u00edsico o en electr\u00f3nico. En caso de contar con un representante legal, se deber\u00e1 de continuar con el mismo proceso de acreditaci\u00f3n de identidad, en donde se presentar\u00e1, copia de identificaci\u00f3n oficial del titular, identificaci\u00f3n oficial del representante legal del titular, y la comprobaci\u00f3n de la existencia de la representaci\u00f3n, mediante carta poder firmada ante dos testigos, o una declaraci\u00f3n de comparecencia personal del titular.<\/li><\/ul>\n\n\n\n<ul><li><strong>Detalle de la solicitud:<\/strong> Descripci\u00f3n clara y precisa de los datos personales a los cuales desea ejercer algunos de los derechos <strong>ARCO<\/strong>.<\/li><\/ul>\n\n\n\n<p><strong>c) \u00bfEn cu\u00e1ntos d\u00edas le daremos respuesta a su solicitud?<\/strong><\/p>\n\n\n\n<p>El responsable dar\u00e1 tramite a toda solicitud para el ejercicio de derechos ARCO mediante la previa comprobaci\u00f3n de la identidad del titular; pero s\u00ed por el contrario el departamento responsable identifica anormalidades, se podr\u00e1 negar el acceso a la solicitud en base al cumplimiento del art\u00edculo 34 fracci\u00f3n I, II, III, IV y V de la Ley dando respuesta desaprobada y acompa\u00f1ada de las pruebas que confirmen la respuesta, al mismo medio por el cual se llev\u00f3 a cabo la solicitud.<\/p>\n\n\n\n<p><strong>Los plazos para el curso de la solicitud son:<\/strong><\/p>\n\n\n\n<p><strong>Atenci\u00f3n de solicitud:<\/strong> 20 d\u00edas h\u00e1biles, a partir de que la solicitud haya sido recibida por el responsable y emita acuse de recibo al titular.<br>El plazo de la atenci\u00f3n de la solicitud puede ser interrumpido cuando el responsable solicite al titular informaci\u00f3n adicional, ya sea porque la informaci\u00f3n proporcionada en la solicitud es insuficiente o err\u00f3nea, no cumpla con los requisitos para la solicitud del ejercicio de los derechos <strong>ARCO<\/strong>, anteriormente mencionados, en donde se le notificar\u00e1 al titular, por \u00fanica vez, dentro de los cinco d\u00edas siguientes a la recepci\u00f3n de la solicitud, para atender los elementos o documentos necesarios para dar tr\u00e1mite a la solicitud y entregar la documentaci\u00f3n o informaci\u00f3n solicitada; el titular tendr\u00e1 un plazo de diez d\u00edas naturales para atender el requerimiento a partir del d\u00eda siguiente en que se haya enviado la solicitud de requerimiento adicional; en caso de no dar respuesta, se tendr\u00e1 por no presentada la solicitud del titular para ejercer sus derechos <strong>ARCO<\/strong>, m\u00e1s sin embargo, s\u00ed atiende el requerimiento, el plazo para que el responsable de respuesta a su solicitud, iniciar\u00e1 al d\u00eda siguiente en que haya atendido la solicitud.<\/p>\n\n\n\n<p><strong>Respuesta a la solicitud:<\/strong> 15 d\u00edas h\u00e1biles, a partir de que el responsable le notifique al titular que su solicitud resulta procedente, y para que se haga efectiva la solicitud de acceso a sus datos personales deber\u00e1 cumplir con lo marcado en los requisitos para la solicitud del ejercicio de los derechos <strong>ARCO<\/strong>.<\/p>\n\n\n\n<p><strong><em>Comentario<\/em><\/strong><em>: los plazos antes mencionados podr\u00e1n ser ampliados, siempre y cuando, as\u00ed lo justifique las circunstancias del caso.<\/em><\/p>\n\n\n\n<p><strong>d) \u00bfPor qu\u00e9 medio le comunicaremos la respuesta a su solicitud?<\/strong><\/p>\n\n\n\n<p><strong>Medios para dar respuesta:<\/strong> El responsable dar\u00e1 respuesta al titular en el medio que previamente nos haya proporcionado en el punto de requisitos para la solicitud del ejercicio de los derechos <strong>ARCO<\/strong>.<\/p>\n\n\n\n<p>Los datos de contacto de la persona o departamento de datos personales, que est\u00e1 a cargo de dar tr\u00e1mite a las solicitudes de derechos <strong>ARCO<\/strong>, son los siguientes:<\/p>\n\n\n\n<p><strong>a)<\/strong> <strong>Responsable:<\/strong> Alejandro Mateo Mateo<\/p>\n\n\n\n<p><strong>b) Domicilio:<\/strong> calle Gral. Vicente Guerrero 418, colonia San Joaqu\u00edn el Junco, Ixtlahuaca de Ray\u00f3n, c.p. 50740, Estado de M\u00e9xico, M\u00e9xico.<\/p>\n\n\n\n<p><strong>c)<\/strong> <strong>Correo electr\u00f3nico:<\/strong> <a href=\"mailto:ESTUDIOSRX@outlook.com\">ESTUDIOSRX@outlook.com<\/a><\/p>\n\n\n\n<p><strong>d)<\/strong> <strong>N\u00famero telef\u00f3nico:<\/strong> (712) 163 3771<\/p>\n\n\n\n<p><strong>e)<\/strong> <strong>Horario de atenci\u00f3n:<\/strong> Lunes a Viernes de 8:00 a.m. a 6:00 p.m.<\/p>\n\n\n\n<p><strong>Usted puede revocar su consentimiento para el uso de sus datos personales<\/strong><\/p>\n\n\n\n<p>Usted puede revocar el consentimiento que, en su caso, nos haya otorgado para el tratamiento de sus datos personales. Sin embargo, es importante que tenga en cuenta que no en todos los casos podremos atender su solicitud o concluir el uso de forma inmediata, ya que es posible que por alguna obligaci\u00f3n legal requiramos seguir tratando sus datos personales. Asimismo, usted deber\u00e1 considerar que, para ciertos fines, la revocaci\u00f3n de su consentimiento implicar\u00e1 que no le podamos seguir prestando el servicio que nos solicit\u00f3, o la conclusi\u00f3n de su relaci\u00f3n con nosotros.<\/p>\n\n\n\n<p>Para revocar su consentimiento deber\u00e1 presentar su solicitud a trav\u00e9s del siguiente medio:<\/p>\n\n\n\n<p><strong>a)<\/strong> <strong>Responsable:<\/strong> Alejandro Mateo Mateo<\/p>\n\n\n\n<p><strong>b)<\/strong> <strong>Domicilio:<\/strong> calle Gral. Vicente Guerrero 418, colonia San Joaqu\u00edn el Junco, Ixtlahuaca de Ray\u00f3n, c.p. 50740, Estado de M\u00e9xico, M\u00e9xico.<\/p>\n\n\n\n<p><strong>c)<\/strong> <strong>Correo electr\u00f3nico:<\/strong> ESTUDIOSRX@outlook.com<\/p>\n\n\n\n<p><strong>d)<\/strong> <strong>N\u00famero telef\u00f3nico:<\/strong> (712) 163 3771<\/p>\n\n\n\n<p><strong>e)<\/strong> <strong>Horario de atenci\u00f3n:<\/strong> de Lunes a Viernes de 8:00 a.m. a 6:00 p.m.<\/p>\n\n\n\n<p><strong>Con relaci\u00f3n al procedimiento y requisitos para la revocaci\u00f3n de su consentimiento, le informamos lo siguiente:<\/strong><\/p>\n\n\n\n<p><strong>a)<\/strong> <strong>\u00bfA trav\u00e9s de qu\u00e9 medios pueden acreditar su identidad el titular y, en su caso, su representante, as\u00ed como la personalidad este \u00faltimo?<\/strong><\/p>\n\n\n\n<p><a href=\"mailto:EstudiosRX@outlook.com\">EstudiosRX@outlook.com<\/a><\/p>\n\n\n\n<p><strong>b)<\/strong> <strong>\u00bfQu\u00e9 informaci\u00f3n y\/o documentaci\u00f3n deber\u00e1 contener la solicitud?<\/strong><\/p>\n\n\n\n<p><strong>Acreditaci\u00f3n de la identidad del titular:<\/strong> El titular, deber\u00e1 presentar su nombre completo, fecha de nacimiento y copia de su documento de identificaci\u00f3n oficial en electr\u00f3nico. En caso de contar con un representante legal, se deber\u00e1 de continuar con el mismo proceso de acreditaci\u00f3n de identidad, en donde se presentar\u00e1, copia de identificaci\u00f3n oficial del titular, identificaci\u00f3n oficial del representante legal del titula, y la comprobaci\u00f3n de la existencia de la representaci\u00f3n, mediante carta poder firmada ante dos testigos, o una declaraci\u00f3n de comparecencia personal del titular.<\/p>\n\n\n\n<p><strong>Domicilio o medio por el cual desea se le comunique la respuesta:<\/strong> N\u00famero celular, correo electr\u00f3nico, o direcci\u00f3n del domicilio.<\/p>\n\n\n\n<p><strong>Detalle de la solicitud:<\/strong> Descripci\u00f3n clara y precisa del motivo para revocar su consentimiento.<\/p>\n\n\n\n<p><strong>c)<\/strong> <strong>\u00bfEn cu\u00e1ntos d\u00edas le daremos respuesta a su solicitud?<\/strong><\/p>\n\n\n\n<p><strong>Atenci\u00f3n de solicitud:<\/strong> 20 d\u00edas h\u00e1biles, a partir de que la solicitud haya sido recibida por el responsable y emita acuse de recibo al titular.<\/p>\n\n\n\n<p><strong>Respuesta a la solicitud:<\/strong> 15 d\u00edas h\u00e1biles, a partir de que el responsable le notifique al titular que su solicitud resulta procedente, y para que se haga efectiva la solicitud de revocaci\u00f3n del consentimiento para el tratamiento de sus datos personales deber\u00e1 cumplir con lo marcado en los requisitos para la solicitud del revocamiento de su consentimiento.<\/p>\n\n\n\n<p><strong>d) \u00bfPor qu\u00e9 medio le comunicaremos la respuesta a su solicitud?<\/strong><\/p>\n\n\n\n<p>El responsable dar\u00e1 respuesta al titular en el medio que previamente nos haya proporcionado en el punto de requisitos para la solicitud del ejercicio de los derechos <strong>ARCO<\/strong>.<\/p>\n\n\n\n<p><strong>\u00bfC\u00f3mo puede limitar el uso o divulgaci\u00f3n de su informaci\u00f3n personal?<\/strong><\/p>\n\n\n\n<p>Con objeto de que usted pueda limitar el uso y divulgaci\u00f3n de su informaci\u00f3n personal, le ofrecemos los siguientes medios:<\/p>\n\n\n\n<p><a href=\"mailto:ESTUDIOSRX@outlook.com\">ESTUDIOSRX@outlook.com<\/a><\/p>\n\n\n\n<p>De manera adicional, le informamos que contamos con los siguientes listados de exclusi\u00f3n, en los cuales podr\u00e1 registrarse para que sus datos personales no sean tratados para ciertos fines:<\/p>\n\n\n\n<figure class=\"wp-block-table\"><table><tbody><tr><td>Nombre del listado<\/td><td>Finalidad para las que aplica<\/td><td>Medio para obtener m\u00e1s informaci\u00f3n<\/td><\/tr><tr><td>Listado de exclusi\u00f3n de los boletines informativos.<\/td><td>Inscribir a todas aquellas personas que manifiesten su negativa para recibir informaci\u00f3n.<\/td><td><a href=\"mailto:ESTUDIOSRX@outlook.com\">ESTUDIOSRX@outlook.com<\/a><\/td><\/tr><\/tbody><\/table><\/figure>\n\n\n\n<p>Asimismo, usted se podr\u00e1 inscribir a los siguientes registros, en caso de que no desee obtener publicidad de nuestra parte:<\/p>\n\n\n\n<p><strong>Registro P\u00fablico para Evitar Publicidad<\/strong>, para m\u00e1s informaci\u00f3n consulte el portal de internet de l<strong>a PROFECO<\/strong><\/p>\n\n\n\n<p><strong>\u00bfC\u00f3mo puede conocer los cambios en este aviso de privacidad?<\/strong><\/p>\n\n\n\n<p>El presente aviso de privacidad puede sufrir modificaciones, cambios o actualizaciones derivadas de nuevos requerimientos legales; de nuestras propias necesidades por los productos o servicios que ofrecemos; de nuestras pr\u00e1cticas de privacidad; de cambios en nuestro modelo de negocio, o por otras causas.<\/p>\n\n\n\n<p>Nos comprometemos a mantenerlo informado sobre los cambios que pueda sufrir el presente aviso de privacidad, estos podr\u00e1n consultarse directamente en la p\u00e1gina web <a href=\"http:\/\/www.radiologiasantaelena.com\">www.radiologiasantaelena.com<\/a>.<\/p>\n\n\n\n<p>El procedimiento a trav\u00e9s del cual se llevar\u00e1n a cabo las notificaciones sobre cambios o actualizaciones al presente aviso de privacidad ser\u00e1 mediante un aviso en la pantalla principal indicando el cambio o actualizaci\u00f3n de nuestro aviso de privacidad<\/p>\n\n\n\n<p>\u00daltima actualizaci\u00f3n: 25\/05\/2022<\/p>\n","protected":false},"excerpt":{"rendered":"<p>AVISO DE PRIVACIDAD INTEGRAL Radiolog\u00eda, con domicilio en calle Gral. Vicente Guerrero 418, colonia San Joaqu\u00edn el Junco, Ixtlahuaca de Ray\u00f3n, c.p. 50740, Estado de M\u00e9xico,<span class=\"excerpt-hellip\"> [\u2026]<\/span><\/p>\n","protected":false},"author":1,"featured_media":0,"parent":0,"menu_order":0,"comment_status":"closed","ping_status":"closed","template":"","meta":{"_joinchat":[]},"_links":{"self":[{"href":"https:\/\/www.radiologiasantaelena.com\/radiologia\/wp-json\/wp\/v2\/pages\/235"}],"collection":[{"href":"https:\/\/www.radiologiasantaelena.com\/radiologia\/wp-json\/wp\/v2\/pages"}],"about":[{"href":"https:\/\/www.radiologiasantaelena.com\/radiologia\/wp-json\/wp\/v2\/types\/page"}],"author":[{"embeddable":true,"href":"https:\/\/www.radiologiasantaelena.com\/radiologia\/wp-json\/wp\/v2\/users\/1"}],"replies":[{"embeddable":true,"href":"https:\/\/www.radiologiasantaelena.com\/radiologia\/wp-json\/wp\/v2\/comments?post=235"}],"version-history":[{"count":1,"href":"https:\/\/www.radiologiasantaelena.com\/radiologia\/wp-json\/wp\/v2\/pages\/235\/revisions"}],"predecessor-version":[{"id":236,"href":"https:\/\/www.radiologiasantaelena.com\/radiologia\/wp-json\/wp\/v2\/pages\/235\/revisions\/236"}],"wp:attachment":[{"href":"https:\/\/www.radiologiasantaelena.com\/radiologia\/wp-json\/wp\/v2\/media?parent=235"}],"curies":[{"name":"wp","href":"https:\/\/api.w.org\/{rel}","templated":true}]}}